{"id":17,"date":"2015-11-23T15:12:21","date_gmt":"2015-11-23T14:12:21","guid":{"rendered":"http:\/\/www.michael-kubik.com\/?page_id=17"},"modified":"2023-04-14T13:21:28","modified_gmt":"2023-04-14T11:21:28","slug":"impressum","status":"publish","type":"page","link":"http:\/\/www.michael-kubik.com\/?page_id=17","title":{"rendered":"Impressum"},"content":{"rendered":"<p>Inhalt der Webseite:<br \/>\nPr\u00e4sentation des K\u00fcnstlers Michael Kubik.<\/p>\n<p>F\u00fcr den Inhalt verantwortlich:<\/p>\n<p>Michael Kubik<br \/>\nAdresse: K\u00fcber Stra\u00dfe 67, 2671 K\u00dcB<br \/>\nEmail:&nbsp;michael.kubik@gmx.at<br \/>\nTelefon: 0043 664 167 33 83<\/p>\n<p>Copyright<br \/>\nAlle Texte, Fotos, Grafiken und Bilder unterliegen dem Urheberrecht. Ver\u00f6ffentlichungen, auch auszugsweise, sind ohne ausdr\u00fcckliche Genehmigung nicht gestattet. Alle Rechte vorbehalten.<\/p>\n<p>Erkl\u00e4rung<br \/>\nDiese Website enth\u00e4lt auch links zu externen Webseiten. Wir haben keinen Einfluss auf den Inhalt dieser Seiten.<\/p>\n","protected":false},"excerpt":{"rendered":"<p>Inhalt der Webseite: Pr\u00e4sentation des K\u00fcnstlers Michael Kubik. F\u00fcr den Inhalt verantwortlich: Michael Kubik Adresse: K\u00fcber Stra\u00dfe 67, 2671 K\u00dcB Email:&nbsp;michael.kubik@gmx.at Telefon: 0043 664 167 33 83 Copyright Alle Texte, Fotos, Grafiken und Bilder unterliegen dem Urheberrecht. Ver\u00f6ffentlichungen, auch auszugsweise, sind ohne ausdr\u00fcckliche Genehmigung nicht gestattet. Alle Rechte vorbehalten. Erkl\u00e4rung Diese Website enth\u00e4lt auch links zu externen Webseiten. Wir haben keinen Einfluss auf den Inhalt dieser Seiten.<\/p>\n","protected":false},"author":1,"featured_media":0,"parent":0,"menu_order":0,"comment_status":"closed","ping_status":"closed","template":"","meta":[],"_links":{"self":[{"href":"http:\/\/www.michael-kubik.com\/index.php?rest_route=\/wp\/v2\/pages\/17"}],"collection":[{"href":"http:\/\/www.michael-kubik.com\/index.php?rest_route=\/wp\/v2\/pages"}],"about":[{"href":"http:\/\/www.michael-kubik.com\/index.php?rest_route=\/wp\/v2\/types\/page"}],"author":[{"embeddable":true,"href":"http:\/\/www.michael-kubik.com\/index.php?rest_route=\/wp\/v2\/users\/1"}],"replies":[{"embeddable":true,"href":"http:\/\/www.michael-kubik.com\/index.php?rest_route=%2Fwp%2Fv2%2Fcomments&post=17"}],"version-history":[{"count":7,"href":"http:\/\/www.michael-kubik.com\/index.php?rest_route=\/wp\/v2\/pages\/17\/revisions"}],"predecessor-version":[{"id":942,"href":"http:\/\/www.michael-kubik.com\/index.php?rest_route=\/wp\/v2\/pages\/17\/revisions\/942"}],"wp:attachment":[{"href":"http:\/\/www.michael-kubik.com\/index.php?rest_route=%2Fwp%2Fv2%2Fmedia&parent=17"}],"curies":[{"name":"wp","href":"https:\/\/api.w.org\/{rel}","templated":true}]}}