{"id":824,"date":"2023-04-14T10:09:00","date_gmt":"2023-04-14T08:09:00","guid":{"rendered":"http:\/\/www.michael-kubik.com\/?page_id=824"},"modified":"2023-04-14T13:40:13","modified_gmt":"2023-04-14T11:40:13","slug":"biographie","status":"publish","type":"page","link":"http:\/\/www.michael-kubik.com\/?page_id=824","title":{"rendered":"Biografie"},"content":{"rendered":"\n<p>Michael KUBIK<\/p>\n\n\n\n<p>Geboren am 28. 2. 1957 in Wien.<br>Lebt 2021 in K\u00fcb, Payerbach-Reichenau an der Rax<\/p>\n\n\n\n<p>Autodidaktes Zeichnen und Malen,<br>Sch\u00e4rfen der Techniken Aquarell und<br>zus\u00e4tzlich Eitempera (Zertifikatslehrgang \u201eMalerei\u201c),<br>Teilnahme an der Sommerakademie \u201eHortus Niger\u201c<br>bei Giselbert Hoke,<br>Lehrbeauftragter an der Kunst VHS Lazarettgasse,<br>Kursleiter Eitemperamalerei im Rahmen der Kunstwochen<br>auf Burg Feistritz\/N\u00d6.<\/p>\n\n\n\n<p>Autor und Kinderbuchillustrator<br>Skulpturen aus Stahl und Holz<\/p>\n\n\n\n<p>Zahlreiche Ausstellungen in \u00d6sterreich und im Ausland<br>(Deutschland, Frankreich, Italien, Ungarn)<\/p>\n\n\n\n<figure class=\"wp-block-image size-large\"><a href=\"http:\/\/www.michael-kubik.com\/wp-content\/uploads\/2022\/09\/Offenes-Atelier-2022-Michi.jpg\"><img decoding=\"async\" loading=\"lazy\" width=\"1024\" height=\"768\" src=\"http:\/\/www.michael-kubik.com\/wp-content\/uploads\/2022\/09\/Offenes-Atelier-2022-Michi-1024x768.jpg\" alt=\"\" class=\"wp-image-877\" srcset=\"http:\/\/www.michael-kubik.com\/wp-content\/uploads\/2022\/09\/Offenes-Atelier-2022-Michi-1024x768.jpg 1024w, http:\/\/www.michael-kubik.com\/wp-content\/uploads\/2022\/09\/Offenes-Atelier-2022-Michi-300x225.jpg 300w, http:\/\/www.michael-kubik.com\/wp-content\/uploads\/2022\/09\/Offenes-Atelier-2022-Michi-768x576.jpg 768w, http:\/\/www.michael-kubik.com\/wp-content\/uploads\/2022\/09\/Offenes-Atelier-2022-Michi-1536x1152.jpg 1536w, http:\/\/www.michael-kubik.com\/wp-content\/uploads\/2022\/09\/Offenes-Atelier-2022-Michi.jpg 2016w\" sizes=\"(max-width: 1024px) 100vw, 1024px\" \/><\/a><\/figure>\n","protected":false},"excerpt":{"rendered":"<p>Michael KUBIK Geboren am 28. 2. 1957 in Wien.Lebt 2021 in K\u00fcb, Payerbach-Reichenau an der Rax Autodidaktes Zeichnen und Malen,Sch\u00e4rfen der Techniken Aquarell undzus\u00e4tzlich Eitempera (Zertifikatslehrgang \u201eMalerei\u201c),Teilnahme an der Sommerakademie \u201eHortus Niger\u201cbei Giselbert Hoke,Lehrbeauftragter an der Kunst VHS Lazarettgasse,Kursleiter Eitemperamalerei im Rahmen der Kunstwochenauf Burg Feistritz\/N\u00d6. Autor und KinderbuchillustratorSkulpturen aus Stahl und Holz Zahlreiche Ausstellungen in \u00d6sterreich und im Ausland(Deutschland, Frankreich, Italien, Ungarn)<\/p>\n","protected":false},"author":1,"featured_media":0,"parent":0,"menu_order":0,"comment_status":"closed","ping_status":"closed","template":"","meta":[],"_links":{"self":[{"href":"http:\/\/www.michael-kubik.com\/index.php?rest_route=\/wp\/v2\/pages\/824"}],"collection":[{"href":"http:\/\/www.michael-kubik.com\/index.php?rest_route=\/wp\/v2\/pages"}],"about":[{"href":"http:\/\/www.michael-kubik.com\/index.php?rest_route=\/wp\/v2\/types\/page"}],"author":[{"embeddable":true,"href":"http:\/\/www.michael-kubik.com\/index.php?rest_route=\/wp\/v2\/users\/1"}],"replies":[{"embeddable":true,"href":"http:\/\/www.michael-kubik.com\/index.php?rest_route=%2Fwp%2Fv2%2Fcomments&post=824"}],"version-history":[{"count":5,"href":"http:\/\/www.michael-kubik.com\/index.php?rest_route=\/wp\/v2\/pages\/824\/revisions"}],"predecessor-version":[{"id":949,"href":"http:\/\/www.michael-kubik.com\/index.php?rest_route=\/wp\/v2\/pages\/824\/revisions\/949"}],"wp:attachment":[{"href":"http:\/\/www.michael-kubik.com\/index.php?rest_route=%2Fwp%2Fv2%2Fmedia&parent=824"}],"curies":[{"name":"wp","href":"https:\/\/api.w.org\/{rel}","templated":true}]}}